{"id":826,"date":"2022-10-30T22:17:48","date_gmt":"2022-10-30T22:17:48","guid":{"rendered":"https:\/\/test.zandstrooiboerderij.nl\/?page_id=826"},"modified":"2023-06-11T20:45:42","modified_gmt":"2023-06-11T20:45:42","slug":"hekmans-boo","status":"publish","type":"page","link":"https:\/\/zandstrooiboerderij.nl\/?page_id=826","title":{"rendered":"Hekmans Boo"},"content":{"rendered":"\t\t<div data-elementor-type=\"wp-page\" data-elementor-id=\"826\" class=\"elementor elementor-826\">\n\t\t\t\t\t\t<section class=\"elementor-section elementor-top-section elementor-element elementor-element-a2175ff elementor-section-boxed elementor-section-height-default elementor-section-height-default\" data-id=\"a2175ff\" data-element_type=\"section\" data-e-type=\"section\">\n\t\t\t\t\t\t<div class=\"elementor-container elementor-column-gap-default\">\n\t\t\t\t\t<div class=\"elementor-column elementor-col-50 elementor-top-column elementor-element elementor-element-b46ce1a\" data-id=\"b46ce1a\" data-element_type=\"column\" data-e-type=\"column\">\n\t\t\t<div class=\"elementor-widget-wrap elementor-element-populated\">\n\t\t\t\t\t\t<div class=\"elementor-element elementor-element-126d360 elementor-widget elementor-widget-text-editor\" data-id=\"126d360\" data-element_type=\"widget\" data-e-type=\"widget\" data-widget_type=\"text-editor.default\">\n\t\t\t\t<div class=\"elementor-widget-container\">\n\t\t\t\t\t\t\t\t\t<h4 id=\"slachtvee\">Boo\u00ebn<\/h4><p><strong>Wat bijdroeg aan de welvaart van Schoonebeek was het gebruik van de zogenaamde boo\u00ebn. De grote boeren uit het dorp hadden in het afgelegen beekdal een veestal of boo, waar in de zomer ossen werden geweid en gestald. Het vetweiden van ossen (vleesvee) was een belangrijke economische activiteit. Het slachtvee was voor de Hollandse en Duitse markt. In een boo konden 10 tot 20 ossen gestald worden, onder toezicht van een \u2018boo-heer\u2019, een jongeman uit het dorp. In de boo was daarvoor een kleine woonruimte ingericht. Van de tientallen boo\u00ebn zijn er maar twee overgebleven, Hekmans Boo en Willems Boo.<\/strong><\/p>\t\t\t\t\t\t\t\t<\/div>\n\t\t\t\t<\/div>\n\t\t\t\t\t<\/div>\n\t\t<\/div>\n\t\t\t\t<div class=\"elementor-column elementor-col-50 elementor-top-column elementor-element elementor-element-e69f0f7\" data-id=\"e69f0f7\" data-element_type=\"column\" data-e-type=\"column\">\n\t\t\t<div class=\"elementor-widget-wrap elementor-element-populated\">\n\t\t\t\t\t\t<div class=\"elementor-element elementor-element-f0e5a04 elementor-widget elementor-widget-image\" data-id=\"f0e5a04\" data-element_type=\"widget\" data-e-type=\"widget\" data-widget_type=\"image.default\">\n\t\t\t\t<div class=\"elementor-widget-container\">\n\t\t\t\t\t\t\t\t\t\t\t\t\t\t\t<img fetchpriority=\"high\" decoding=\"async\" width=\"550\" height=\"317\" src=\"https:\/\/zandstrooiboerderij.nl\/wp-content\/uploads\/2023\/02\/Oude-afbeelding-Boo.png\" class=\"attachment-full size-full wp-image-1239\" alt=\"\" srcset=\"https:\/\/zandstrooiboerderij.nl\/wp-content\/uploads\/2023\/02\/Oude-afbeelding-Boo.png 550w, https:\/\/zandstrooiboerderij.nl\/wp-content\/uploads\/2023\/02\/Oude-afbeelding-Boo-300x173.png 300w\" sizes=\"(max-width: 550px) 100vw, 550px\" \/>\t\t\t\t\t\t\t\t\t\t\t\t\t\t\t<\/div>\n\t\t\t\t<\/div>\n\t\t\t\t\t<\/div>\n\t\t<\/div>\n\t\t\t\t\t<\/div>\n\t\t<\/section>\n\t\t\t\t<section class=\"elementor-section elementor-top-section elementor-element elementor-element-b707e8c elementor-section-boxed elementor-section-height-default elementor-section-height-default\" data-id=\"b707e8c\" data-element_type=\"section\" data-e-type=\"section\">\n\t\t\t\t\t\t<div class=\"elementor-container elementor-column-gap-default\">\n\t\t\t\t\t<div class=\"elementor-column elementor-col-100 elementor-top-column elementor-element elementor-element-12c1296\" data-id=\"12c1296\" data-element_type=\"column\" data-e-type=\"column\">\n\t\t\t<div class=\"elementor-widget-wrap elementor-element-populated\">\n\t\t\t\t\t\t<div class=\"elementor-element elementor-element-9d2945e elementor-widget elementor-widget-text-editor\" data-id=\"9d2945e\" data-element_type=\"widget\" data-e-type=\"widget\" data-widget_type=\"text-editor.default\">\n\t\t\t\t<div class=\"elementor-widget-container\">\n\t\t\t\t\t\t\t\t\t<p>De boo\u00ebn zijn geheel uit eiken stijlen opgetrokken. De wanden bestaan uit stro vlechtwerk. Het woongedeelte bezit een wand die uit twijgen is gevlochten en daarna met klei is bepleisterd. Opmerkelijk is dat het vee in de boo op Friese wijze werd gestald, namelijk met de koppen tegen de muur met in het midden een pad en aan weerszijden een grup.<\/p><p>De boo\u00ebn dateren uit het zeer grijze verleden. Het kerkelijk archief van het bisdom Utrecht spreekt over boo\u00ebn aan het Schoonebeeker Diep rond het jaar 1500. Bekend is dat in de vorige eeuw de boo\u00ebn zijn verkocht aan boeren uit Emsland. De kopers braken de veehutten af en verkochten het bijbehorende land. Deze nieuwe eigenaren, veelal Duitsers, bouwden bij dat land dan een nieuwe boerderij. Vandaar ook de vele Duitse familienamen in Nieuw Schoonebeek. Twee eigenaren verkochten hun boo echter niet. Dat waren de families Wilms en Hekman, waaraan Schoonebeek het kostbare bezit dan nu ook aan te danken heeft. De Hekmans Boo stond oorspronkelijk ter hoogte van de Pandijk, nu nog goed herkenbaar aan de naambordjes langs de Europaweg en was de meest westelijk gelegen boo.<\/p><p>Eigenlijk verkeerde Hekmans Boo al in een uiterst slechte staat toen het gemeentebe\u00adstuur in 1958 een voorlopig koopcontract met eigenaar Hekman sloot om hem te gaan restaureren. De ge\u00admeenteraad oordeelde &#8216;de ravage&#8217; echter geen geld waard en dus ging de koop niet door. Het college van Gedeputeerde Staten was het hiermee niet eens en deed wel zaken met de heer Hekman. De boo werd ge\u00addemonteerd en in 1959 op\u00adgeslagen bij de Volkshoge\u00adschool Overcinge in Havel\u00adte. Nadat het gebouw daar aanvankelijk herbouwd zou worden, werd in 1973 aan het gemeentebestuur van Schoonebeek subsidie verleend de Hekmans Boo te restaureren.<\/p><p>De Hekmans Boo werd in 1975 volgens oude stijl herbouwd aan de Burgemeester Osselaan ten noorden van het bestemmingsplan de Beeklanden in het centrum van Schoonebeek tegenover het NAM-gebouw, met de toen wel heel toepasselijke naam &#8216;De Bo\u00f4&#8217;. Beide historische bouwwerken werden met lasten en lusten overgedragen aan Stichting &#8216;De Spiker&#8217; en gerestaureerd onder toezicht van de afdeling Monumentenzorg van het Provinciaal Museum van Drenthe. Het\u00a0stuk land eromheen werd omheind en bestemd voor begrazing door schapen. Zo werd de Hekmans Boo een schapen\u00adstal.<\/p><p>Toen echter de nieuwe woonwijk Sand\u00adberglanden in uitvoering kwam, bleek de boo maar liefst twee huisplaatsen in beslag te nemen. De Hek\u00admans Boo moest afgebroken of verplaatst worden, zo vond het gemeentebestuur en toen veehouderij bedrijf annex Zuivelfabriek Katshaar hiervan hoorde, bleken zij zeer ge\u00efnteres\u00adseerd in de gebouwtjes. Zij zouden uitstekend passen in hun streven hun bedrijf ook een toeristisch oog\u00admerk te geven.<\/p>\t\t\t\t\t\t\t\t<\/div>\n\t\t\t\t<\/div>\n\t\t\t\t\t<\/div>\n\t\t<\/div>\n\t\t\t\t\t<\/div>\n\t\t<\/section>\n\t\t\t\t<section class=\"elementor-section elementor-top-section elementor-element elementor-element-6c03a94 elementor-section-boxed elementor-section-height-default elementor-section-height-default\" data-id=\"6c03a94\" data-element_type=\"section\" data-e-type=\"section\">\n\t\t\t\t\t\t<div class=\"elementor-container elementor-column-gap-default\">\n\t\t\t\t\t<div class=\"elementor-column elementor-col-50 elementor-top-column elementor-element elementor-element-0beea77\" data-id=\"0beea77\" data-element_type=\"column\" data-e-type=\"column\">\n\t\t\t<div class=\"elementor-widget-wrap elementor-element-populated\">\n\t\t\t\t\t\t<div class=\"elementor-element elementor-element-4124f6a elementor-widget elementor-widget-video\" data-id=\"4124f6a\" data-element_type=\"widget\" data-e-type=\"widget\" data-settings=\"{&quot;youtube_url&quot;:&quot;https:\\\/\\\/youtu.be\\\/1DaoVSGqXDE&quot;,&quot;show_image_overlay&quot;:&quot;yes&quot;,&quot;image_overlay&quot;:{&quot;url&quot;:&quot;https:\\\/\\\/zandstrooiboerderij.nl\\\/wp-content\\\/uploads\\\/2023\\\/06\\\/Hekmans-Boo-op-transport-1996.jpg&quot;,&quot;id&quot;:1692,&quot;size&quot;:&quot;&quot;,&quot;alt&quot;:&quot;&quot;,&quot;source&quot;:&quot;library&quot;},&quot;video_type&quot;:&quot;youtube&quot;,&quot;controls&quot;:&quot;yes&quot;}\" data-widget_type=\"video.default\">\n\t\t\t\t<div class=\"elementor-widget-container\">\n\t\t\t\t\t\t\t<div class=\"elementor-wrapper elementor-open-inline\">\n\t\t\t<div class=\"elementor-video\"><\/div>\t\t\t\t<div class=\"elementor-custom-embed-image-overlay\" style=\"background-image: url(https:\/\/zandstrooiboerderij.nl\/wp-content\/uploads\/2023\/06\/Hekmans-Boo-op-transport-1996.jpg);\">\n\t\t\t\t\t\t\t\t\t\t\t\t\t\t\t\t<div class=\"elementor-custom-embed-play\" role=\"button\" aria-label=\"Video afspelen\" tabindex=\"0\">\n\t\t\t\t\t\t\t<i aria-hidden=\"true\" class=\"eicon-play\"><\/i>\t\t\t\t\t\t<\/div>\n\t\t\t\t\t\t\t\t\t<\/div>\n\t\t\t\t\t<\/div>\n\t\t\t\t\t\t<\/div>\n\t\t\t\t<\/div>\n\t\t\t\t\t<\/div>\n\t\t<\/div>\n\t\t\t\t<div class=\"elementor-column elementor-col-50 elementor-top-column elementor-element elementor-element-8dc294e\" data-id=\"8dc294e\" data-element_type=\"column\" data-e-type=\"column\">\n\t\t\t<div class=\"elementor-widget-wrap elementor-element-populated\">\n\t\t\t\t\t\t<div class=\"elementor-element elementor-element-fa46953 elementor-widget elementor-widget-text-editor\" data-id=\"fa46953\" data-element_type=\"widget\" data-e-type=\"widget\" data-widget_type=\"text-editor.default\">\n\t\t\t\t<div class=\"elementor-widget-container\">\n\t\t\t\t\t\t\t\t\t<p>Zuivelfabriek Katshaar kwam al snel met de gemeente Schoonebeek tot overeenstemming en op 13 april 1996 werden de veestal en de hooischuur in hun geheel op vrachtwagens met opleggers ge\u00adplaatst. Klik op de foto hiernaast om de verplaatsing te bekijken.<br \/>&#8216;Onder grote be\u00adlangstelling van ongeveer het halve dorp&#8217;, zo schreef de Drentse Courant, volgde het transport naar Vlieg\u00adhuis. Bij de boerderij ge\u00adplaatst, bleek het vervolg ook succesvol. De boo werd een ontvangstruimte en de hooischuur een kleine kin\u00adderboerderij met konijnen, kippen en geiten, zodat de bezoekers kennis konden nemen van de bedrijfsactivi\u00adteiten van Zuivelfabriek Katshaar. Jaarlijks kwamen er zo&#8217;n 8.000 toeristen op deze attracties af. Toen bleek dat de activi\u00adteiten niet conform het be\u00adstemmingsplan waren, verloor Hekmans Boo zijn nieuwe bestemming.<\/p>\t\t\t\t\t\t\t\t<\/div>\n\t\t\t\t<\/div>\n\t\t\t\t\t<\/div>\n\t\t<\/div>\n\t\t\t\t\t<\/div>\n\t\t<\/section>\n\t\t\t\t<section class=\"elementor-section elementor-top-section elementor-element elementor-element-cbf5a17 elementor-section-boxed elementor-section-height-default elementor-section-height-default\" data-id=\"cbf5a17\" data-element_type=\"section\" data-e-type=\"section\">\n\t\t\t\t\t\t<div class=\"elementor-container elementor-column-gap-default\">\n\t\t\t\t\t<div class=\"elementor-column elementor-col-100 elementor-top-column elementor-element elementor-element-253ef76\" data-id=\"253ef76\" data-element_type=\"column\" data-e-type=\"column\">\n\t\t\t<div class=\"elementor-widget-wrap elementor-element-populated\">\n\t\t\t\t\t\t<div class=\"elementor-element elementor-element-34076c3 elementor-widget elementor-widget-text-editor\" data-id=\"34076c3\" data-element_type=\"widget\" data-e-type=\"widget\" data-widget_type=\"text-editor.default\">\n\t\t\t\t<div class=\"elementor-widget-container\">\n\t\t\t\t\t\t\t\t\t<header class=\"entry-header\"><h4 class=\"entry-title\">Hekmans Boo komt terug<\/h4><p>De Hekmans Boo verhuisde op 13 april 1996 vanuit haar plaats in de wijk Sandberglanden naar Zuivelfabriek Katshaar \u2018op Vlieghuis\u2019. Na 25 jaar, om precies te zijn op zaterdag 19 juni 2021, kwam de Hekmans Boo echter terug naar Schoonebeek. Dat werd een groot en heel bijzondere operatie.<\/p><\/header>\t\t\t\t\t\t\t\t<\/div>\n\t\t\t\t<\/div>\n\t\t\t\t\t<\/div>\n\t\t<\/div>\n\t\t\t\t\t<\/div>\n\t\t<\/section>\n\t\t\t\t<section class=\"elementor-section elementor-top-section elementor-element elementor-element-cb914af elementor-section-boxed elementor-section-height-default elementor-section-height-default\" data-id=\"cb914af\" data-element_type=\"section\" data-e-type=\"section\">\n\t\t\t\t\t\t<div class=\"elementor-container elementor-column-gap-default\">\n\t\t\t\t\t<div class=\"elementor-column elementor-col-100 elementor-top-column elementor-element elementor-element-28d49d6\" data-id=\"28d49d6\" data-element_type=\"column\" data-e-type=\"column\">\n\t\t\t<div class=\"elementor-widget-wrap elementor-element-populated\">\n\t\t\t\t\t\t<section class=\"elementor-section elementor-inner-section elementor-element elementor-element-6904713 elementor-section-boxed elementor-section-height-default elementor-section-height-default\" data-id=\"6904713\" data-element_type=\"section\" data-e-type=\"section\">\n\t\t\t\t\t\t<div class=\"elementor-container elementor-column-gap-default\">\n\t\t\t\t\t<div class=\"elementor-column elementor-col-50 elementor-inner-column elementor-element elementor-element-77e3c98\" data-id=\"77e3c98\" data-element_type=\"column\" data-e-type=\"column\">\n\t\t\t<div class=\"elementor-widget-wrap elementor-element-populated\">\n\t\t\t\t\t\t<div class=\"elementor-element elementor-element-b5da690 elementor-widget elementor-widget-video\" data-id=\"b5da690\" data-element_type=\"widget\" data-e-type=\"widget\" data-settings=\"{&quot;youtube_url&quot;:&quot;https:\\\/\\\/youtu.be\\\/IQH4SkbtZQQ&quot;,&quot;show_image_overlay&quot;:&quot;yes&quot;,&quot;image_overlay&quot;:{&quot;url&quot;:&quot;https:\\\/\\\/zandstrooiboerderij.nl\\\/wp-content\\\/uploads\\\/2023\\\/06\\\/Hemans-Boo-transport-2021.png&quot;,&quot;id&quot;:1703,&quot;size&quot;:&quot;&quot;,&quot;alt&quot;:&quot;&quot;,&quot;source&quot;:&quot;library&quot;},&quot;video_type&quot;:&quot;youtube&quot;,&quot;controls&quot;:&quot;yes&quot;}\" data-widget_type=\"video.default\">\n\t\t\t\t<div class=\"elementor-widget-container\">\n\t\t\t\t\t\t\t<div class=\"elementor-wrapper elementor-open-inline\">\n\t\t\t<div class=\"elementor-video\"><\/div>\t\t\t\t<div class=\"elementor-custom-embed-image-overlay\" style=\"background-image: url(https:\/\/zandstrooiboerderij.nl\/wp-content\/uploads\/2023\/06\/Hemans-Boo-transport-2021.png);\">\n\t\t\t\t\t\t\t\t\t\t\t\t\t\t\t\t<div class=\"elementor-custom-embed-play\" role=\"button\" aria-label=\"Video afspelen\" tabindex=\"0\">\n\t\t\t\t\t\t\t<i aria-hidden=\"true\" class=\"eicon-play\"><\/i>\t\t\t\t\t\t<\/div>\n\t\t\t\t\t\t\t\t\t<\/div>\n\t\t\t\t\t<\/div>\n\t\t\t\t\t\t<\/div>\n\t\t\t\t<\/div>\n\t\t\t\t\t<\/div>\n\t\t<\/div>\n\t\t\t\t<div class=\"elementor-column elementor-col-50 elementor-inner-column elementor-element elementor-element-d45aacd\" data-id=\"d45aacd\" data-element_type=\"column\" data-e-type=\"column\">\n\t\t\t<div class=\"elementor-widget-wrap elementor-element-populated\">\n\t\t\t\t\t\t<div class=\"elementor-element elementor-element-8397eab elementor-widget elementor-widget-text-editor\" data-id=\"8397eab\" data-element_type=\"widget\" data-e-type=\"widget\" data-widget_type=\"text-editor.default\">\n\t\t\t\t<div class=\"elementor-widget-container\">\n\t\t\t\t\t\t\t\t\t<p><strong>Voorwerk en dan..<\/strong><br \/>Een werkgroep bestaande uit Henry Eisen, Ruud Pat, Ren\u00e9 Wittendorp en Albert Rave was al langere tijd bezig met dit project. De pandemie in 2020 gooide echter roet in het eten wat de uitvoering betreft.<br \/>Het nadenken over de aanpak stopte echter niet. De bedoeling was dat het authentieke geraamte weer in zijn geheel zou worden verplaatst. Vanaf mei 2021 was een aantal vrijwilligers met de voorbereidingen bezig. Zo werden de wanden en de daken van de boo en de schuur verwijderd. Na de ontmanteling bleven alleen nog de geraamtes van Hekmans Boo over. Deze werden met balken en planken verstevigd en klaargemaakt voor transport. Begin juni 2021 waren de voorbereidingen voor het transport klaar. Hoe de verhuizing plaats moest vinden was nog onderwerp van gesprek. Dat er een dieplader aan te pas moest komen was al wel zeker, maar hoe het geraamte daar op moest worden gezet en af worden gehaald, kon twee kanten op.<\/p>\t\t\t\t\t\t\t\t<\/div>\n\t\t\t\t<\/div>\n\t\t\t\t\t<\/div>\n\t\t<\/div>\n\t\t\t\t\t<\/div>\n\t\t<\/section>\n\t\t\t\t\t<\/div>\n\t\t<\/div>\n\t\t\t\t\t<\/div>\n\t\t<\/section>\n\t\t\t\t<section class=\"elementor-section elementor-top-section elementor-element elementor-element-bc4c1be elementor-section-boxed elementor-section-height-default elementor-section-height-default\" data-id=\"bc4c1be\" data-element_type=\"section\" data-e-type=\"section\">\n\t\t\t\t\t\t<div class=\"elementor-container elementor-column-gap-default\">\n\t\t\t\t\t<div class=\"elementor-column elementor-col-100 elementor-top-column elementor-element elementor-element-b5fcd67\" data-id=\"b5fcd67\" data-element_type=\"column\" data-e-type=\"column\">\n\t\t\t<div class=\"elementor-widget-wrap elementor-element-populated\">\n\t\t\t\t\t\t<div class=\"elementor-element elementor-element-c18c820 elementor-widget elementor-widget-text-editor\" data-id=\"c18c820\" data-element_type=\"widget\" data-e-type=\"widget\" data-widget_type=\"text-editor.default\">\n\t\t\t\t<div class=\"elementor-widget-container\">\n\t\t\t\t\t\t\t\t\t<p><strong>Spectaculair<\/strong><br \/>De werkgroep speelde met de gedachte om dit op een spectaculaire manier te gaan doen, namelijk met hand\u00adkracht! Op deze manier kwam het oeroude \u2018naober\u00adschap\u2019 weer helemaal tot zijn recht. Dat betekende echter wel dat er veel mensen op een relatief kleine ruimte aanwezig moesten zijn en de vraag was natuurlijk of dat al kon op die datum in verband met de pandemie. Lukte dat niet dan werd een kraan ingeschakeld.<br \/>Helaas bleek dat de pandemie toch roet in het eten gooide en de geraamtes met een kraan op de diepladers moesten worden gezet.<br \/>Op de gemeentegrens tussen Coevorden en Emmen werd de boo symbolisch overgedragen door wethouder Jeroen Huizing van gemeente Coevorden aan burgemeester Eric van Oosterhout van gemeente Emmen. De Hekmans Boo is voorlopig op het Emco\u00adterrein aan de Albstraat neergezet in afwachting van de definitieve bestemming. Daar wordt de komende tijd over nagedacht, maar het is nog te vroeg om er iets concreets over te kunnen melden. Wordt vervolgd.<\/p>\t\t\t\t\t\t\t\t<\/div>\n\t\t\t\t<\/div>\n\t\t\t\t\t<\/div>\n\t\t<\/div>\n\t\t\t\t\t<\/div>\n\t\t<\/section>\n\t\t\t\t<\/div>\n\t\t","protected":false},"excerpt":{"rendered":"<p>Boo\u00ebn Wat bijdroeg aan de welvaart van Schoonebeek was het gebruik van de zogenaamde boo\u00ebn. De grote boeren uit het dorp hadden in het afgelegen beekdal een veestal of boo, waar in de zomer ossen werden geweid en gestald. Het vetweiden van ossen (vleesvee) was een belangrijke economische activiteit. Het slachtvee was voor de Hollandse [&hellip;]<\/p>\n","protected":false},"author":2,"featured_media":0,"parent":0,"menu_order":0,"comment_status":"closed","ping_status":"closed","template":"","meta":{"site-sidebar-layout":"no-sidebar","site-content-layout":"page-builder","ast-site-content-layout":"default","site-content-style":"default","site-sidebar-style":"default","ast-global-header-display":"","ast-banner-title-visibility":"","ast-main-header-display":"","ast-hfb-above-header-display":"","ast-hfb-below-header-display":"","ast-hfb-mobile-header-display":"","site-post-title":"disabled","ast-breadcrumbs-content":"","ast-featured-img":"disabled","footer-sml-layout":"","ast-disable-related-posts":"","theme-transparent-header-meta":"","adv-header-id-meta":"","stick-header-meta":"","header-above-stick-meta":"","header-main-stick-meta":"","header-below-stick-meta":"","astra-migrate-meta-layouts":"default","ast-page-background-enabled":"default","ast-page-background-meta":{"desktop":{"background-color":"var(--ast-global-color-4)","background-image":"","background-repeat":"repeat","background-position":"center center","background-size":"auto","background-attachment":"scroll","background-type":"","background-media":"","overlay-type":"","overlay-color":"","overlay-opacity":"","overlay-gradient":""},"tablet":{"background-color":"","background-image":"","background-repeat":"repeat","background-position":"center center","background-size":"auto","background-attachment":"scroll","background-type":"","background-media":"","overlay-type":"","overlay-color":"","overlay-opacity":"","overlay-gradient":""},"mobile":{"background-color":"","background-image":"","background-repeat":"repeat","background-position":"center center","background-size":"auto","background-attachment":"scroll","background-type":"","background-media":"","overlay-type":"","overlay-color":"","overlay-opacity":"","overlay-gradient":""}},"ast-content-background-meta":{"desktop":{"background-color":"var(--ast-global-color-5)","background-image":"","background-repeat":"repeat","background-position":"center center","background-size":"auto","background-attachment":"scroll","background-type":"","background-media":"","overlay-type":"","overlay-color":"","overlay-opacity":"","overlay-gradient":""},"tablet":{"background-color":"var(--ast-global-color-5)","background-image":"","background-repeat":"repeat","background-position":"center center","background-size":"auto","background-attachment":"scroll","background-type":"","background-media":"","overlay-type":"","overlay-color":"","overlay-opacity":"","overlay-gradient":""},"mobile":{"background-color":"var(--ast-global-color-5)","background-image":"","background-repeat":"repeat","background-position":"center center","background-size":"auto","background-attachment":"scroll","background-type":"","background-media":"","overlay-type":"","overlay-color":"","overlay-opacity":"","overlay-gradient":""}},"ngg_post_thumbnail":0,"footnotes":""},"class_list":["post-826","page","type-page","status-publish","hentry"],"_links":{"self":[{"href":"https:\/\/zandstrooiboerderij.nl\/index.php?rest_route=\/wp\/v2\/pages\/826","targetHints":{"allow":["GET"]}}],"collection":[{"href":"https:\/\/zandstrooiboerderij.nl\/index.php?rest_route=\/wp\/v2\/pages"}],"about":[{"href":"https:\/\/zandstrooiboerderij.nl\/index.php?rest_route=\/wp\/v2\/types\/page"}],"author":[{"embeddable":true,"href":"https:\/\/zandstrooiboerderij.nl\/index.php?rest_route=\/wp\/v2\/users\/2"}],"replies":[{"embeddable":true,"href":"https:\/\/zandstrooiboerderij.nl\/index.php?rest_route=%2Fwp%2Fv2%2Fcomments&post=826"}],"version-history":[{"count":145,"href":"https:\/\/zandstrooiboerderij.nl\/index.php?rest_route=\/wp\/v2\/pages\/826\/revisions"}],"predecessor-version":[{"id":1709,"href":"https:\/\/zandstrooiboerderij.nl\/index.php?rest_route=\/wp\/v2\/pages\/826\/revisions\/1709"}],"wp:attachment":[{"href":"https:\/\/zandstrooiboerderij.nl\/index.php?rest_route=%2Fwp%2Fv2%2Fmedia&parent=826"}],"curies":[{"name":"wp","href":"https:\/\/api.w.org\/{rel}","templated":true}]}}